{"id":52,"date":"2019-11-25T14:19:28","date_gmt":"2019-11-25T13:19:28","guid":{"rendered":"http:\/\/pinakova.sk\/?page_id=52"},"modified":"2024-01-09T12:31:12","modified_gmt":"2024-01-09T11:31:12","slug":"cennik","status":"publish","type":"page","link":"https:\/\/pinakova.sk\/?page_id=52","title":{"rendered":"Cenn\u00edk"},"content":{"rendered":"\n<p><\/p>\n\n\n\n<figure class=\"wp-block-table\"><table><tbody><tr><td>  Jednor\u00e1zov\u00e1 psychologick\u00e1 konzult\u00e1cia (do 50 min.)  <\/td><td> <strong>50 eur<\/strong> <\/td><\/tr><tr><td> Individu\u00e1lna psychoterapia det\u00ed a adolescentov (do 50 min.) <\/td><td> <strong>50 eur<\/strong> <\/td><\/tr><tr><td> Individu\u00e1lna psychoterapia dospel\u00fdch (do 50 min.) <\/td><td> <strong>50 eur<\/strong> <\/td><\/tr><tr><td> Kr\u00edzov\u00e1 intervencia (do 50 min.)  <\/td><td> <strong>50 eur<\/strong> <\/td><\/tr><tr><td> Online psychologick\u00e1  konzult\u00e1cia cez elektronick\u00e9 m\u00e9dia &#8211; videohovor ( do 50 min.)<\/td><td> <strong>50 eur<\/strong> <\/td><\/tr><tr><td> Online psychologick\u00e1 konzult\u00e1cia pre detsk\u00fdch klientov cez elektronick\u00e9 m\u00e9dia &#8211; videohovor ( do 25min.) <\/td><td> <strong>25 eur  <\/strong><\/td><\/tr><tr><td>Vypracovanie odbornej spr\u00e1vy z vy\u0161etrenia na \u017eiados\u0165 klienta<\/td><td> <strong>50 eur<\/strong> <\/td><\/tr><\/tbody><\/table><\/figure>\n\n\n\n<p> Na sedenie <strong>je potrebn\u00e9 sa objedna\u0165<\/strong>. Po\u010das seden\u00ed m\u00e1m vypnut\u00e9 zvonenie, preto ak sa mi nedovol\u00e1te, kontaktujte ma cez e-&nbsp;mail alebo sms. <\/p>\n\n\n<div style=\"background-color: #ffd2d2; color: #d8000c; border-left-color: #d8000c; \" class=\"ub-styled-box ub-notification-box wp-block-ub-styled-box\" id=\"ub-styled-box-54d1fc15-fbcc-415c-8dc0-a20fad46e7a1\">\n<p class=\"has-text-align-left\" id=\"ub-styled-box-notification-content-\">Dohodnut\u00fd term\u00edn je mo\u017en\u00e9\u00a0 zru\u0161i\u0165 najnesk\u00f4r 24 hod\u00edn vopred. V\u00a0pr\u00edpade nedostavenia sa na dohodnut\u00e9 sedenie alebo pri odhl\u00e1sen\u00ed menej ako 24 hod\u00edn pred term\u00ednom <strong>je nutn\u00e9 uhradi\u0165 100%<\/strong> z ceny sedenia.\u00a0 <\/p>\n\n\n<\/div>\n\n\n<p> <strong>V\u0161etky slu\u017eby si klienti hradia sami,<\/strong>  ambulancia&nbsp;<strong>nem\u00e1&nbsp;<\/strong>uzatvoren\u00fa zmluvu so \u017eiadnou zdravotnou pois\u0165ov\u0148ou<strong>.<\/strong> <\/p>\n","protected":false},"excerpt":{"rendered":"<p>Jednor\u00e1zov\u00e1 psychologick\u00e1 konzult\u00e1cia (do 50 min.) 50 eur Individu\u00e1lna psychoterapia det\u00ed a adolescentov (do 50 min.) 50 eur Individu\u00e1lna psychoterapia&hellip;<\/p>\n","protected":false},"author":1,"featured_media":0,"parent":48,"menu_order":0,"comment_status":"closed","ping_status":"closed","template":"","meta":{"_uag_custom_page_level_css":"","_monsterinsights_skip_tracking":false,"_monsterinsights_sitenote_active":false,"_monsterinsights_sitenote_note":"","_monsterinsights_sitenote_category":0,"footnotes":""},"class_list":["post-52","page","type-page","status-publish","hentry"],"featured_image_src":null,"yoast_head":"<!-- This site is optimized with the Yoast SEO plugin v27.5 - https:\/\/yoast.com\/product\/yoast-seo-wordpress\/ -->\n<title>Cenn\u00edk - Mgr. Bohumila Pi\u0148\u00e1kov\u00e1<\/title>\n<meta name=\"robots\" content=\"index, follow, max-snippet:-1, max-image-preview:large, max-video-preview:-1\" \/>\n<link rel=\"canonical\" href=\"https:\/\/pinakova.sk\/?page_id=52\" \/>\n<meta property=\"og:locale\" content=\"sk_SK\" \/>\n<meta property=\"og:type\" content=\"article\" \/>\n<meta property=\"og:title\" content=\"Cenn\u00edk - Mgr. Bohumila Pi\u0148\u00e1kov\u00e1\" \/>\n<meta property=\"og:description\" content=\"Jednor\u00e1zov\u00e1 psychologick\u00e1 konzult\u00e1cia (do 50 min.) 50 eur Individu\u00e1lna psychoterapia det\u00ed a adolescentov (do 50 min.) 50 eur Individu\u00e1lna psychoterapia&hellip;\" \/>\n<meta property=\"og:url\" content=\"https:\/\/pinakova.sk\/?page_id=52\" \/>\n<meta property=\"og:site_name\" content=\"Mgr. Bohumila Pi\u0148\u00e1kov\u00e1\" \/>\n<meta property=\"article:modified_time\" content=\"2024-01-09T11:31:12+00:00\" \/>\n<meta name=\"twitter:card\" content=\"summary_large_image\" \/>\n<meta name=\"twitter:label1\" content=\"Predpokladan\u00fd \u010das \u010d\u00edtania\" \/>\n\t<meta name=\"twitter:data1\" content=\"1 min\u00fata\" \/>\n<script type=\"application\/ld+json\" class=\"yoast-schema-graph\">{\"@context\":\"https:\\\/\\\/schema.org\",\"@graph\":[{\"@type\":\"WebPage\",\"@id\":\"https:\\\/\\\/pinakova.sk\\\/?page_id=52\",\"url\":\"https:\\\/\\\/pinakova.sk\\\/?page_id=52\",\"name\":\"Cenn\u00edk - Mgr. Bohumila Pi\u0148\u00e1kov\u00e1\",\"isPartOf\":{\"@id\":\"https:\\\/\\\/pinakova.sk\\\/#website\"},\"datePublished\":\"2019-11-25T13:19:28+00:00\",\"dateModified\":\"2024-01-09T11:31:12+00:00\",\"breadcrumb\":{\"@id\":\"https:\\\/\\\/pinakova.sk\\\/?page_id=52#breadcrumb\"},\"inLanguage\":\"sk-SK\",\"potentialAction\":[{\"@type\":\"ReadAction\",\"target\":[\"https:\\\/\\\/pinakova.sk\\\/?page_id=52\"]}]},{\"@type\":\"BreadcrumbList\",\"@id\":\"https:\\\/\\\/pinakova.sk\\\/?page_id=52#breadcrumb\",\"itemListElement\":[{\"@type\":\"ListItem\",\"position\":1,\"name\":\"Home\",\"item\":\"https:\\\/\\\/pinakova.sk\\\/\"},{\"@type\":\"ListItem\",\"position\":2,\"name\":\"Klinick\u00fd psychol\u00f3g a psychoterapeut v \u017diline\",\"item\":\"https:\\\/\\\/pinakova.sk\\\/\"},{\"@type\":\"ListItem\",\"position\":3,\"name\":\"Cenn\u00edk\"}]},{\"@type\":\"WebSite\",\"@id\":\"https:\\\/\\\/pinakova.sk\\\/#website\",\"url\":\"https:\\\/\\\/pinakova.sk\\\/\",\"name\":\"Mgr. Bohumila Pi\u0148\u00e1kov\u00e1\",\"description\":\"Klinick\u00fd psychol\u00f3g a psychoterapeut\",\"potentialAction\":[{\"@type\":\"SearchAction\",\"target\":{\"@type\":\"EntryPoint\",\"urlTemplate\":\"https:\\\/\\\/pinakova.sk\\\/?s={search_term_string}\"},\"query-input\":{\"@type\":\"PropertyValueSpecification\",\"valueRequired\":true,\"valueName\":\"search_term_string\"}}],\"inLanguage\":\"sk-SK\"}]}<\/script>\n<!-- \/ Yoast SEO plugin. -->","yoast_head_json":{"title":"Cenn\u00edk - Mgr. Bohumila Pi\u0148\u00e1kov\u00e1","robots":{"index":"index","follow":"follow","max-snippet":"max-snippet:-1","max-image-preview":"max-image-preview:large","max-video-preview":"max-video-preview:-1"},"canonical":"https:\/\/pinakova.sk\/?page_id=52","og_locale":"sk_SK","og_type":"article","og_title":"Cenn\u00edk - Mgr. Bohumila Pi\u0148\u00e1kov\u00e1","og_description":"Jednor\u00e1zov\u00e1 psychologick\u00e1 konzult\u00e1cia (do 50 min.) 50 eur Individu\u00e1lna psychoterapia det\u00ed a adolescentov (do 50 min.) 50 eur Individu\u00e1lna psychoterapia&hellip;","og_url":"https:\/\/pinakova.sk\/?page_id=52","og_site_name":"Mgr. Bohumila Pi\u0148\u00e1kov\u00e1","article_modified_time":"2024-01-09T11:31:12+00:00","twitter_card":"summary_large_image","twitter_misc":{"Predpokladan\u00fd \u010das \u010d\u00edtania":"1 min\u00fata"},"schema":{"@context":"https:\/\/schema.org","@graph":[{"@type":"WebPage","@id":"https:\/\/pinakova.sk\/?page_id=52","url":"https:\/\/pinakova.sk\/?page_id=52","name":"Cenn\u00edk - Mgr. Bohumila Pi\u0148\u00e1kov\u00e1","isPartOf":{"@id":"https:\/\/pinakova.sk\/#website"},"datePublished":"2019-11-25T13:19:28+00:00","dateModified":"2024-01-09T11:31:12+00:00","breadcrumb":{"@id":"https:\/\/pinakova.sk\/?page_id=52#breadcrumb"},"inLanguage":"sk-SK","potentialAction":[{"@type":"ReadAction","target":["https:\/\/pinakova.sk\/?page_id=52"]}]},{"@type":"BreadcrumbList","@id":"https:\/\/pinakova.sk\/?page_id=52#breadcrumb","itemListElement":[{"@type":"ListItem","position":1,"name":"Home","item":"https:\/\/pinakova.sk\/"},{"@type":"ListItem","position":2,"name":"Klinick\u00fd psychol\u00f3g a psychoterapeut v \u017diline","item":"https:\/\/pinakova.sk\/"},{"@type":"ListItem","position":3,"name":"Cenn\u00edk"}]},{"@type":"WebSite","@id":"https:\/\/pinakova.sk\/#website","url":"https:\/\/pinakova.sk\/","name":"Mgr. Bohumila Pi\u0148\u00e1kov\u00e1","description":"Klinick\u00fd psychol\u00f3g a psychoterapeut","potentialAction":[{"@type":"SearchAction","target":{"@type":"EntryPoint","urlTemplate":"https:\/\/pinakova.sk\/?s={search_term_string}"},"query-input":{"@type":"PropertyValueSpecification","valueRequired":true,"valueName":"search_term_string"}}],"inLanguage":"sk-SK"}]}},"uagb_featured_image_src":{"full":false,"thumbnail":false,"medium":false,"medium_large":false,"large":false,"1536x1536":false,"2048x2048":false,"primer-featured":false,"primer-hero":false},"uagb_author_info":{"display_name":"bpinakova","author_link":"https:\/\/pinakova.sk\/?author=1"},"uagb_comment_info":0,"uagb_excerpt":"Jednor\u00e1zov\u00e1 psychologick\u00e1 konzult\u00e1cia (do 50 min.) 50 eur Individu\u00e1lna psychoterapia det\u00ed a adolescentov (do 50 min.) 50 eur Individu\u00e1lna psychoterapia&hellip;","_links":{"self":[{"href":"https:\/\/pinakova.sk\/index.php?rest_route=\/wp\/v2\/pages\/52","targetHints":{"allow":["GET"]}}],"collection":[{"href":"https:\/\/pinakova.sk\/index.php?rest_route=\/wp\/v2\/pages"}],"about":[{"href":"https:\/\/pinakova.sk\/index.php?rest_route=\/wp\/v2\/types\/page"}],"author":[{"embeddable":true,"href":"https:\/\/pinakova.sk\/index.php?rest_route=\/wp\/v2\/users\/1"}],"replies":[{"embeddable":true,"href":"https:\/\/pinakova.sk\/index.php?rest_route=%2Fwp%2Fv2%2Fcomments&post=52"}],"version-history":[{"count":5,"href":"https:\/\/pinakova.sk\/index.php?rest_route=\/wp\/v2\/pages\/52\/revisions"}],"predecessor-version":[{"id":364,"href":"https:\/\/pinakova.sk\/index.php?rest_route=\/wp\/v2\/pages\/52\/revisions\/364"}],"up":[{"embeddable":true,"href":"https:\/\/pinakova.sk\/index.php?rest_route=\/wp\/v2\/pages\/48"}],"wp:attachment":[{"href":"https:\/\/pinakova.sk\/index.php?rest_route=%2Fwp%2Fv2%2Fmedia&parent=52"}],"curies":[{"name":"wp","href":"https:\/\/api.w.org\/{rel}","templated":true}]}}